{"id":3585,"date":"2019-06-17T21:44:12","date_gmt":"2019-06-17T20:44:12","guid":{"rendered":"http:\/\/mayfly.online\/newbb\/contact-me\/"},"modified":"2019-11-18T10:09:10","modified_gmt":"2019-11-18T10:09:10","slug":"contact","status":"publish","type":"page","link":"https:\/\/bertie.in\/fr\/contact\/","title":{"rendered":"Contact FR"},"content":{"rendered":"<div id=\"pl-3585\"  class=\"panel-layout\" ><div id=\"pg-3585-0\"  class=\"panel-grid panel-has-style\" ><div class=\"siteorigin-panels-stretch panel-row-style panel-row-style-for-3585-0\" style=\"background-image: url(https:\/\/bertie.in\/wp-content\/uploads\/2019\/06\/BBwebsite-27693-e1559752827186.jpg);background-size: cover;background-position: center bottom; padding-top: 150px; padding-bottom: 150px; \" data-stretch-type=\"full\" ><div id=\"pgc-3585-0-0\"  class=\"panel-grid-cell panel-grid-cell-empty\" ><\/div><div id=\"pgc-3585-0-1\"  class=\"panel-grid-cell panel-grid-cell-mobile-last\" ><div id=\"panel-3585-0-1-0\" class=\"so-panel widget widget_sow-editor panel-first-child panel-last-child\" data-index=\"0\" ><div class=\"panel-widget-style panel-widget-style-for-3585-0-1-0\" ><div\n\t\t\t\n\t\t\tclass=\"so-widget-sow-editor so-widget-sow-editor-base\"\n\t\t\t\n\t\t>\n<div class=\"siteorigin-widget-tinymce textwidget\">\n\t<h1>&nbsp;<\/h1>\n<h1 style=\"text-align: center;\"><span style=\"color: #be1722;\">&nbsp;<\/span><\/h1>\n<\/div>\n<\/div><\/div><\/div><\/div><div id=\"pgc-3585-0-2\"  class=\"panel-grid-cell panel-grid-cell-empty\" ><\/div><\/div><\/div><div id=\"pg-3585-1\"  class=\"panel-grid panel-has-style\" ><div style=\"background-position: left top; padding-top: 20px; padding-bottom: 30px; \" class=\"panel-row-style panel-row-style-for-3585-1\" ><div id=\"pgc-3585-1-0\"  class=\"panel-grid-cell panel-grid-cell-empty\" ><\/div><div id=\"pgc-3585-1-1\"  class=\"panel-grid-cell panel-grid-cell-mobile-last\" ><div id=\"panel-3585-1-1-0\" class=\"so-panel widget widget_sow-editor panel-first-child panel-last-child\" data-index=\"1\" ><div\n\t\t\t\n\t\t\tclass=\"so-widget-sow-editor so-widget-sow-editor-base\"\n\t\t\t\n\t\t>\n<div class=\"siteorigin-widget-tinymce textwidget\">\n\t<h3><span style=\"color: #242424;\">Besoin d'aide ou d'accompagnement pour un projet digital ?<\/span><\/h3>\n<p>&nbsp;<\/p>\n<p>Je vis \u00e0 Windsor (GB) depuis une vingtaine d'ann\u00e9es et, avec ma strat\u00e9gie Bert-xit, je travaille avec des ONGs dans de nombreux pays (je travaille beaucoup par vid\u00e9o conf\u00e9rence pour r\u00e9duire mon empreinte carbonne et me d\u00e9place quand c'est n\u00e9cessaire).<\/p>\n<p>&nbsp;<\/p>\n<p>La plupart des ONG avec lesquelles je travaille <strong>adore<\/strong> les formulaires donc j'en ai mis un ci-dessous.<br \/>\n<span style=\"font-size: 14px;\">- ou vous pouvez m'envoyer un e-mail <a href=\"mailto:help@bertie.fr\">help@bertie.fr<\/a> ou me t\u00e9l\u00e9phoner +44 (0)207 193 1080<\/span><\/p>\n<\/div>\n<\/div><\/div><\/div><div id=\"pgc-3585-1-2\"  class=\"panel-grid-cell panel-grid-cell-empty\" ><\/div><\/div><\/div><div id=\"pg-3585-2\"  class=\"panel-grid panel-has-style\" ><div style=\"background-position: left top; \" class=\"panel-row-style panel-row-style-for-3585-2\" ><div id=\"pgc-3585-2-0\"  class=\"panel-grid-cell panel-grid-cell-empty\" ><\/div><div id=\"pgc-3585-2-1\"  class=\"panel-grid-cell panel-grid-cell-mobile-last\" ><div id=\"panel-3585-2-1-0\" class=\"so-panel widget widget_sow-editor panel-first-child panel-last-child\" data-index=\"2\" ><div class=\"panel-widget-style panel-widget-style-for-3585-2-1-0\" ><div\n\t\t\t\n\t\t\tclass=\"so-widget-sow-editor so-widget-sow-editor-base\"\n\t\t\t\n\t\t>\n<div class=\"siteorigin-widget-tinymce textwidget\">\n\t<\/div>\n<\/div><\/div><\/div><\/div><div id=\"pgc-3585-2-2\"  class=\"panel-grid-cell panel-grid-cell-empty\" ><\/div><\/div><\/div><div id=\"pg-3585-3\"  class=\"panel-grid panel-has-style\" ><div style=\"background-position: left top; padding-bottom: 60px; \" class=\"panel-row-style panel-row-style-for-3585-3\" ><div id=\"pgc-3585-3-0\"  class=\"panel-grid-cell panel-grid-cell-empty\" ><\/div><div id=\"pgc-3585-3-1\"  class=\"panel-grid-cell panel-grid-cell-mobile-last\" ><div id=\"panel-3585-3-1-0\" class=\"so-panel widget widget_sow-editor panel-first-child panel-last-child\" data-index=\"3\" ><div\n\t\t\t\n\t\t\tclass=\"so-widget-sow-editor so-widget-sow-editor-base\"\n\t\t\t\n\t\t>\n<div class=\"siteorigin-widget-tinymce textwidget\">\n\t\n<div class=\"wpcf7 no-js\" id=\"wpcf7-f3733-o1\" lang=\"en-GB\" dir=\"ltr\">\n<div class=\"screen-reader-response\"><p role=\"status\" aria-live=\"polite\" aria-atomic=\"true\"><\/p> <ul><\/ul><\/div>\n<form action=\"\/fr\/wp-json\/wp\/v2\/pages\/3585#wpcf7-f3733-o1\" method=\"post\" class=\"wpcf7-form init\" aria-label=\"Contact form\" novalidate=\"novalidate\" data-status=\"init\">\n<div style=\"display: none;\">\n<input type=\"hidden\" name=\"_wpcf7\" value=\"3733\" \/>\n<input type=\"hidden\" name=\"_wpcf7_version\" value=\"5.8.1\" \/>\n<input type=\"hidden\" name=\"_wpcf7_locale\" value=\"en_GB\" \/>\n<input type=\"hidden\" name=\"_wpcf7_unit_tag\" value=\"wpcf7-f3733-o1\" \/>\n<input type=\"hidden\" name=\"_wpcf7_container_post\" value=\"0\" \/>\n<input type=\"hidden\" name=\"_wpcf7_posted_data_hash\" value=\"\" \/>\n<\/div>\n<p><label> Votre nom (required)<br \/>\n<span class=\"wpcf7-form-control-wrap\" data-name=\"your-name\"><input size=\"40\" class=\"wpcf7-form-control wpcf7-text wpcf7-validates-as-required\" aria-required=\"true\" aria-invalid=\"false\" value=\"\" type=\"text\" name=\"your-name\" \/><\/span> <\/label>\n<\/p>\n<p><label> Votre E-mail (required)<br \/>\n<span class=\"wpcf7-form-control-wrap\" data-name=\"your-email\"><input size=\"40\" class=\"wpcf7-form-control wpcf7-email wpcf7-validates-as-required wpcf7-text wpcf7-validates-as-email\" aria-required=\"true\" aria-invalid=\"false\" value=\"\" type=\"email\" name=\"your-email\" \/><\/span> <\/label>\n<\/p>\n<p><label> Votre organisation<br \/>\n<span class=\"wpcf7-form-control-wrap\" data-name=\"your-subject\"><input size=\"40\" class=\"wpcf7-form-control wpcf7-text\" aria-invalid=\"false\" value=\"\" type=\"text\" name=\"your-subject\" \/><\/span> <\/label>\n<\/p>\n<p><label> Votre Message<br \/>\n<span class=\"wpcf7-form-control-wrap\" data-name=\"your-message\"><textarea cols=\"40\" rows=\"10\" class=\"wpcf7-form-control wpcf7-textarea\" aria-invalid=\"false\" name=\"your-message\"><\/textarea><\/span> <\/label><br \/>\n<span class=\"wpcf7-form-control-wrap\" data-name=\"your-consent\"><span class=\"wpcf7-form-control wpcf7-acceptance\"><span class=\"wpcf7-list-item\"><label><input type=\"checkbox\" name=\"your-consent\" value=\"1\" aria-invalid=\"false\" \/><span class=\"wpcf7-list-item-label\">Cochez cette case pour confirmer que je peux vous contacter par e-mail \ud83d\ude09<\/span><\/label><\/span><\/span><\/span>\n<\/p>\n<p><input class=\"wpcf7-form-control wpcf7-submit has-spinner\" type=\"submit\" value=\"Envoyer le Message\" \/>\n<\/p><p style=\"display: none !important;\" class=\"akismet-fields-container\" data-prefix=\"_wpcf7_ak_\"><label>&#916;<textarea name=\"_wpcf7_ak_hp_textarea\" cols=\"45\" rows=\"8\" maxlength=\"100\"><\/textarea><\/label><input type=\"hidden\" id=\"ak_js_1\" name=\"_wpcf7_ak_js\" value=\"157\"\/><script>document.getElementById( \"ak_js_1\" ).setAttribute( \"value\", ( new Date() ).getTime() );<\/script><\/p><div class=\"wpcf7-response-output\" aria-hidden=\"true\"><\/div>\n<\/form>\n<\/div>\n\n<\/div>\n<\/div><\/div><\/div><div id=\"pgc-3585-3-2\"  class=\"panel-grid-cell panel-grid-cell-empty\" ><\/div><\/div><\/div><\/div>","protected":false},"excerpt":{"rendered":"<p>&nbsp; &nbsp; Besoin d&rsquo;aide ou d&rsquo;accompagnement pour un projet digital ? &nbsp; Je vis \u00e0 Windsor (GB) depuis une vingtaine d&rsquo;ann\u00e9es et, avec ma strat\u00e9gie Bert-xit, je travaille avec des ONGs dans de nombreux pays (je travaille beaucoup par vid\u00e9o conf\u00e9rence pour r\u00e9duire mon empreinte carbonne et me d\u00e9place quand c&rsquo;est n\u00e9cessaire). &nbsp; La plupart &hellip; <a href=\"https:\/\/bertie.in\/fr\/contact\/\" title=\"Contact FR\" class=\"read-more\">Read More<\/a><\/p>\n","protected":false},"author":1,"featured_media":2206,"parent":0,"menu_order":0,"comment_status":"closed","ping_status":"closed","template":"","meta":{"footnotes":""},"class_list":["post-3585","page","type-page","status-publish","has-post-thumbnail","hentry"],"_links":{"self":[{"href":"https:\/\/bertie.in\/fr\/wp-json\/wp\/v2\/pages\/3585","targetHints":{"allow":["GET"]}}],"collection":[{"href":"https:\/\/bertie.in\/fr\/wp-json\/wp\/v2\/pages"}],"about":[{"href":"https:\/\/bertie.in\/fr\/wp-json\/wp\/v2\/types\/page"}],"author":[{"embeddable":true,"href":"https:\/\/bertie.in\/fr\/wp-json\/wp\/v2\/users\/1"}],"replies":[{"embeddable":true,"href":"https:\/\/bertie.in\/fr\/wp-json\/wp\/v2\/comments?post=3585"}],"version-history":[{"count":6,"href":"https:\/\/bertie.in\/fr\/wp-json\/wp\/v2\/pages\/3585\/revisions"}],"predecessor-version":[{"id":4306,"href":"https:\/\/bertie.in\/fr\/wp-json\/wp\/v2\/pages\/3585\/revisions\/4306"}],"wp:featuredmedia":[{"embeddable":true,"href":"https:\/\/bertie.in\/fr\/wp-json\/wp\/v2\/media\/2206"}],"wp:attachment":[{"href":"https:\/\/bertie.in\/fr\/wp-json\/wp\/v2\/media?parent=3585"}],"curies":[{"name":"wp","href":"https:\/\/api.w.org\/{rel}","templated":true}]}}