{"id":4062,"date":"2019-07-01T09:20:30","date_gmt":"2019-07-01T08:20:30","guid":{"rendered":"http:\/\/mayfly.online\/newbb\/services\/"},"modified":"2020-02-27T15:49:57","modified_gmt":"2020-02-27T15:49:57","slug":"services","status":"publish","type":"page","link":"https:\/\/bertie.in\/fr\/services\/","title":{"rendered":"What I do FR"},"content":{"rendered":"<div id=\"pl-4062\"  class=\"panel-layout\" ><div id=\"pg-4062-0\"  class=\"panel-grid panel-has-style\" ><div class=\"siteorigin-panels-stretch panel-row-style panel-row-style-for-4062-0\" style=\"background-image: url(https:\/\/bertie.in\/wp-content\/uploads\/2019\/05\/BBwebsite-1060818.jpg);background-size: cover;background-position: center bottom; padding-top: 300px; padding-bottom: 300px; \" data-stretch-type=\"full\" ><div id=\"pgc-4062-0-0\"  class=\"panel-grid-cell panel-grid-cell-empty\" ><\/div><div id=\"pgc-4062-0-1\"  class=\"panel-grid-cell panel-grid-cell-mobile-last\" ><div id=\"panel-4062-0-1-0\" class=\"so-panel widget widget_sow-editor panel-first-child panel-last-child\" data-index=\"0\" ><div class=\"panel-widget-style panel-widget-style-for-4062-0-1-0\" ><div\n\t\t\t\n\t\t\tclass=\"so-widget-sow-editor so-widget-sow-editor-base\"\n\t\t\t\n\t\t>\n<div class=\"siteorigin-widget-tinymce textwidget\">\n\t<h1><\/h1>\n<h1 style=\"text-align: center;\"><span style=\"color: #3399cc;\">Coming soon<br \/>\n<\/span><\/h1>\n<p style=\"text-align: center;\"><span style=\"color: #ffffff;\">(je sais ce que vous pensez)<\/span><\/p>\n<\/div>\n<\/div><\/div><\/div><\/div><div id=\"pgc-4062-0-2\"  class=\"panel-grid-cell panel-grid-cell-empty\" ><\/div><\/div><\/div><div id=\"pg-4062-1\"  class=\"panel-grid panel-has-style\" ><div style=\"background-position: left top; padding-top: 20px; \" class=\"panel-row-style panel-row-style-for-4062-1\" ><div id=\"pgc-4062-1-0\"  class=\"panel-grid-cell panel-grid-cell-empty\" ><\/div><div id=\"pgc-4062-1-1\"  class=\"panel-grid-cell panel-grid-cell-mobile-last\" ><div id=\"panel-4062-1-1-0\" class=\"so-panel widget widget_sow-editor panel-first-child panel-last-child\" data-index=\"1\" ><div\n\t\t\t\n\t\t\tclass=\"so-widget-sow-editor so-widget-sow-editor-base\"\n\t\t\t\n\t\t>\n<div class=\"siteorigin-widget-tinymce textwidget\">\n\t<h3 style=\"text-align: center;\"><span style=\"color: #242424;\">\u00a0<span style=\"color: #3399cc;\">R\u00e8gle Num\u00e9ro 1:<\/span> <span style=\"color: #be1722;\">Ne Jamais lancer un site pas termin\u00e9<br \/>\n<\/span><\/span><\/h3>\n<p>Cette page est certainement la plus importante de ce site. J'ai pr\u00e9vu de d\u00e9tailler les services que je propose avec des exemples de mon travail.<br \/>\nLe contenu devait \u00eatre pr\u00eat le 1er juillet mais je travaille actuellement sur un programme de collecte digitale avec une ONG international, j'aide une autre grosse organisation \u00e0 s\u00e9lectionner une plateforme de dons pour 190 pays, et 2 ONG britanniques avec la s\u00e9lection de nouveaux syst\u00e8mes, un gros projet d'accessibilit\u00e9, des s\u00e9ances de formation pour des \u00e9quipes locales.<br \/>\n<span style=\"font-size: 14px;\">Ca fait un peu commercial de base mais c'est un bon exemple de prioritisation des besoins de mes clients.<\/span><\/p>\n<p>Cette page devrait \u00eatre pr\u00eate (bient\u00f4t).<\/p>\n<p>En attendant, vous pouvez <a href=\"https:\/\/bertie.in\/fr\/contact\/\">me contacter<\/a> pour discuter de vos projets (m\u00eame si, comme indiqu\u00e9 ci-dessus, je ne suis pas disponible pour de nouveaux projets avant quelques mois)<\/p>\n<p>&nbsp;<\/p>\n<p>&nbsp;<\/p>\n<\/div>\n<\/div><\/div><\/div><div id=\"pgc-4062-1-2\"  class=\"panel-grid-cell panel-grid-cell-empty\" ><\/div><\/div><\/div><div id=\"pg-4062-2\"  class=\"panel-grid panel-has-style\" ><div class=\"siteorigin-panels-stretch equal-column-height panel-row-style panel-row-style-for-4062-2\" style=\"background-position: left top; padding-top: 0px; padding-bottom: 0px; padding-left: 0px; padding-right: 0px; \" data-stretch-type=\"full-stretched\" ><div id=\"pgc-4062-2-0\"  class=\"panel-grid-cell\" ><div id=\"panel-4062-2-0-0\" class=\"so-panel widget widget_sow-editor panel-first-child panel-last-child\" data-index=\"2\" ><div class=\"panel-widget-style panel-widget-style-for-4062-2-0-0\" ><div\n\t\t\t\n\t\t\tclass=\"so-widget-sow-editor so-widget-sow-editor-base\"\n\t\t\t\n\t\t>\n<div class=\"siteorigin-widget-tinymce textwidget\">\n\t<h2 style=\"text-align: center;\"><span style=\"color: #ffffff;\">\u00c9veil digital<\/span><\/h2>\n<p style=\"text-align: center;\"><span style=\"color: #ffffff;\">Plus q'un projet de transformation digitale, je vous propose de r\u00e9fl\u00e9chir efficacement \u00e0 la place du digital dans votre organisation<\/span><\/p>\n<\/div>\n<\/div><\/div><\/div><\/div><div id=\"pgc-4062-2-1\"  class=\"panel-grid-cell\" ><div id=\"panel-4062-2-1-0\" class=\"so-panel widget widget_sow-editor panel-first-child panel-last-child\" data-index=\"3\" ><div class=\"panel-widget-style panel-widget-style-for-4062-2-1-0\" ><div\n\t\t\t\n\t\t\tclass=\"so-widget-sow-editor so-widget-sow-editor-base\"\n\t\t\t\n\t\t>\n<div class=\"siteorigin-widget-tinymce textwidget\">\n\t<h2 style=\"text-align: center;\"><span style=\"color: #ffffff;\">Strat\u00e9gies<\/span><\/h2>\n<p style=\"text-align: center;\"><span style=\"color: #ffffff;\">Je travaille avec les acteurs cl\u00e9s de votre organisation afin de m\u2019assurer que toutes vos strat\u00e9gies parlent \u00e0 un public connect\u00e9 : collecte, communication, playdoyer\u2026<\/span><\/p>\n<\/div>\n<\/div><\/div><\/div><\/div><\/div><\/div><div id=\"pg-4062-3\"  class=\"panel-grid panel-has-style\" ><div class=\"siteorigin-panels-stretch equal-column-height panel-row-style panel-row-style-for-4062-3\" style=\"background-position: left top; padding-top: 0px; padding-bottom: 0px; padding-left: 0px; padding-right: 0px; \" data-stretch-type=\"full-stretched\" ><div id=\"pgc-4062-3-0\"  class=\"panel-grid-cell\" ><div id=\"panel-4062-3-0-0\" class=\"so-panel widget widget_sow-editor panel-first-child panel-last-child\" data-index=\"4\" ><div class=\"panel-widget-style panel-widget-style-for-4062-3-0-0\" ><div\n\t\t\t\n\t\t\tclass=\"so-widget-sow-editor so-widget-sow-editor-base\"\n\t\t\t\n\t\t>\n<div class=\"siteorigin-widget-tinymce textwidget\">\n\t<h2 style=\"text-align: center;\"><span style=\"color: #ffffff;\">Bilan digital<\/span><\/h2>\n<p style=\"text-align: center;\"><span style=\"color: #ffffff;\">Je proc\u00e8de \u00e0 un audit complet de vos canaux digitaux (accessibilit\u00e9, contenu, marketing, technologie) et produis un rapport d\u00e9taill\u00e9 afin d\u2019am\u00e9liorer la conversion<\/span><\/p>\n<\/div>\n<\/div><\/div><\/div><\/div><div id=\"pgc-4062-3-1\"  class=\"panel-grid-cell\" ><div id=\"panel-4062-3-1-0\" class=\"so-panel widget widget_sow-editor panel-first-child panel-last-child\" data-index=\"5\" ><div class=\"panel-widget-style panel-widget-style-for-4062-3-1-0\" ><div\n\t\t\t\n\t\t\tclass=\"so-widget-sow-editor so-widget-sow-editor-base\"\n\t\t\t\n\t\t>\n<div class=\"siteorigin-widget-tinymce textwidget\">\n\t<h2 style=\"text-align: center;\"><span style=\"color: #ffffff;\">Collecte<\/span><\/h2>\n<p style=\"text-align: center;\"><span style=\"color: #ffffff;\">J\u2019aide vos \u00e9quipes \u00e0 cr\u00e9er des campagnes de collecte qui g\u00e9n\u00e8rent des conversions en se basant sur la data. Avec juste ce qu\u2019il faut d\u2019innovation et de cr\u00e9ativit\u00e9<\/span><\/p>\n<\/div>\n<\/div><\/div><\/div><\/div><\/div><\/div><div id=\"pg-4062-4\"  class=\"panel-grid panel-has-style\" ><div class=\"siteorigin-panels-stretch equal-column-height panel-row-style panel-row-style-for-4062-4\" style=\"background-position: left top; padding-top: 0px; padding-bottom: 0px; padding-left: 0px; padding-right: 0px; \" data-stretch-type=\"full-stretched\" ><div id=\"pgc-4062-4-0\"  class=\"panel-grid-cell\" ><div id=\"panel-4062-4-0-0\" class=\"so-panel widget widget_sow-editor panel-first-child panel-last-child\" data-index=\"6\" ><div class=\"panel-widget-style panel-widget-style-for-4062-4-0-0\" ><div\n\t\t\t\n\t\t\tclass=\"so-widget-sow-editor so-widget-sow-editor-base\"\n\t\t\t\n\t\t>\n<div class=\"siteorigin-widget-tinymce textwidget\">\n\t<h2 style=\"text-align: center;\"><span style=\"color: #ffffff;\">Accompagnement technique <\/span><\/h2>\n<p style=\"text-align: center;\"><span style=\"color: #ffffff;\">Je centralise vos besoins et vous aide \u00e0 choisir le bon CMS, outil d\u2019emailing, plateforme de collecte, CRM\u2026 Je teste avec vous les derni\u00e8res technologies et projets pilotes<\/span><\/p>\n<\/div>\n<\/div><\/div><\/div><\/div><div id=\"pgc-4062-4-1\"  class=\"panel-grid-cell\" ><div id=\"panel-4062-4-1-0\" class=\"so-panel widget widget_sow-editor panel-first-child panel-last-child\" data-index=\"7\" ><div class=\"panel-widget-style panel-widget-style-for-4062-4-1-0\" ><div\n\t\t\t\n\t\t\tclass=\"so-widget-sow-editor so-widget-sow-editor-base\"\n\t\t\t\n\t\t>\n<div class=\"siteorigin-widget-tinymce textwidget\">\n\t<h2 style=\"text-align: center;\"><span style=\"color: #ffffff;\">Formation<\/span><\/h2>\n<p style=\"text-align: center;\"><span style=\"color: #ffffff;\">J\u2019\u00e9value les comp\u00e9tences digitales de vos \u00e9quipes afin de pr\u00e9parer un programme de formation adapt\u00e9. J\u2019accompagne et conseille les directeurs et chefs de service<\/span><\/p>\n<\/div>\n<\/div><\/div><\/div><\/div><\/div><\/div><div id=\"pg-4062-5\"  class=\"panel-grid panel-has-style\" ><div class=\"siteorigin-panels-stretch equal-column-height panel-row-style panel-row-style-for-4062-5\" style=\"background-position: left top; padding-top: 0px; padding-bottom: 0px; padding-left: 0px; padding-right: 0px; \" data-stretch-type=\"full-stretched\" ><div id=\"pgc-4062-5-0\"  class=\"panel-grid-cell\" ><div id=\"panel-4062-5-0-0\" class=\"so-panel widget widget_sow-editor panel-first-child panel-last-child\" data-index=\"8\" ><div class=\"v-center panel-widget-style panel-widget-style-for-4062-5-0-0\" ><div\n\t\t\t\n\t\t\tclass=\"so-widget-sow-editor so-widget-sow-editor-base\"\n\t\t\t\n\t\t>\n<div class=\"siteorigin-widget-tinymce textwidget\">\n\t<h2 style=\"text-align: center;\"><span style=\"color: #ffffff;\">Autres services<\/span><\/h2>\n<p style=\"text-align: center;\"><span style=\"color: #ffffff;\">Je participe r\u00e9guli\u00e8rement \u00e0 des conf\u00e9rences, ateliers, recrutements\u2026 Et je collabore parfois avec d\u2019autres consultants, des agences ou des partenaires technologiques<\/span><\/p>\n<\/div>\n<\/div><\/div><\/div><\/div><\/div><\/div><\/div>","protected":false},"excerpt":{"rendered":"<p>Coming soon (je sais ce que vous pensez) \u00a0R\u00e8gle Num\u00e9ro 1: Ne Jamais lancer un site pas termin\u00e9 Cette page est certainement la plus importante de ce site. J&rsquo;ai pr\u00e9vu de d\u00e9tailler les services que je propose avec des exemples de mon travail. Le contenu devait \u00eatre pr\u00eat le 1er juillet mais je travaille actuellement &hellip; <a href=\"https:\/\/bertie.in\/fr\/services\/\" title=\"What I do FR\" class=\"read-more\">Read More<\/a><\/p>\n","protected":false},"author":1,"featured_media":0,"parent":0,"menu_order":0,"comment_status":"closed","ping_status":"closed","template":"","meta":{"footnotes":""},"class_list":["post-4062","page","type-page","status-publish","hentry"],"_links":{"self":[{"href":"https:\/\/bertie.in\/fr\/wp-json\/wp\/v2\/pages\/4062","targetHints":{"allow":["GET"]}}],"collection":[{"href":"https:\/\/bertie.in\/fr\/wp-json\/wp\/v2\/pages"}],"about":[{"href":"https:\/\/bertie.in\/fr\/wp-json\/wp\/v2\/types\/page"}],"author":[{"embeddable":true,"href":"https:\/\/bertie.in\/fr\/wp-json\/wp\/v2\/users\/1"}],"replies":[{"embeddable":true,"href":"https:\/\/bertie.in\/fr\/wp-json\/wp\/v2\/comments?post=4062"}],"version-history":[{"count":6,"href":"https:\/\/bertie.in\/fr\/wp-json\/wp\/v2\/pages\/4062\/revisions"}],"predecessor-version":[{"id":4353,"href":"https:\/\/bertie.in\/fr\/wp-json\/wp\/v2\/pages\/4062\/revisions\/4353"}],"wp:attachment":[{"href":"https:\/\/bertie.in\/fr\/wp-json\/wp\/v2\/media?parent=4062"}],"curies":[{"name":"wp","href":"https:\/\/api.w.org\/{rel}","templated":true}]}}